{"id":556,"date":"2018-06-12T08:38:01","date_gmt":"2018-06-12T01:38:01","guid":{"rendered":"http:\/\/mantis.la-studioweb.com\/?page_id=556"},"modified":"2025-03-21T11:25:16","modified_gmt":"2025-03-21T14:25:16","slug":"quienes-somos","status":"publish","type":"page","link":"https:\/\/agradeser.com.ar\/tienda\/quienes-somos\/","title":{"rendered":"Quienes Somos"},"content":{"rendered":"<p>[vc_row][vc_column width=\u00bb5\/6&#8243; la_animation_duration=\u00bb1&#8243; la_animation_delay=\u00bb0&#8243; la_animation_iteration_count=\u00bb1&#8243; offset=\u00bbvc_col-md-offset-2 vc_col-md-8 vc_col-sm-offset-1&#8243;]<div id=\"la_divider69dfd6733add2\" class=\"js-el la-divider la-unit-responsive\" data-la_component=\"UnitResponsive\"  data-el_target='#la_divider69dfd6733add2'  data-el_media_sizes='{&quot;padding-top&quot;:&quot;lg:65px;&quot;}' ><\/div>\n<div id=\"la_heading_69dfd6733af4b\" class=\"la-headings text-center\"><div class=\"js-el subheading-tag la-unit-responsive three-font-family\" style=\"color:#4a4141\"  data-la_component=\"UnitResponsive\"  data-el_target='#la_heading_69dfd6733af4b .subheading-tag'  data-el_media_sizes='{&quot;font-size&quot;:&quot;lg:18px;&quot;,&quot;line-height&quot;:&quot;&quot;}' ><p class=\"cvGsUA direction-ltr align-center para-style-body\"><span class=\"OYPEnA font-feature-liga-off font-feature-clig-off font-feature-calt-off text-decoration-none text-strikethrough-none\">Hola!<\/span><\/p>\n<p class=\"cvGsUA direction-ltr align-center para-style-body\"><span class=\"OYPEnA font-feature-liga-off font-feature-clig-off font-feature-calt-off text-decoration-none text-strikethrough-none\">Somos Julieta y Esteban. Tenemos 38 y 40 a\u00f1os, y una hija llamada Bianca.<\/span><\/p>\n<p class=\"cvGsUA direction-ltr align-center para-style-body\"><span class=\"OYPEnA font-feature-liga-off font-feature-clig-off font-feature-calt-off text-decoration-none text-strikethrough-none\">AgradeSer naci\u00f3 en 2013, llevamos 11 a\u00f1os recorridos elaborando velas y aromas.<\/span><\/p>\n<p class=\"cvGsUA direction-ltr align-center para-style-body\"><span class=\"OYPEnA font-feature-liga-off font-feature-clig-off font-feature-calt-off text-decoration-none text-strikethrough-none\">Nuestros productos son creaciones que contienen parte de nuestra esencia.<\/span><\/p>\n<p class=\"cvGsUA direction-ltr align-center para-style-body\"><span class=\"OYPEnA font-feature-liga-off font-feature-clig-off font-feature-calt-off text-decoration-none text-strikethrough-none\">Disfrutamos de compartirles nuestros procesos de elaboraci\u00f3n y el d\u00eda a d\u00eda en nuestro taller.<\/span><\/p>\n<p class=\"cvGsUA direction-ltr align-center para-style-body\"><span class=\"OYPEnA font-feature-liga-off font-feature-clig-off font-feature-calt-off text-decoration-none text-strikethrough-none\">Gracias por confiar en nuestro arte <\/span><span class=\"OYPEnA font-feature-liga-off font-feature-clig-off font-feature-calt-off text-decoration-none text-strikethrough-none\">y permitirnos seguir creando.<\/span><\/p>\n<\/div><\/div>\n<div id=\"la_divider69dfd6733b67c\" class=\"js-el la-divider la-unit-responsive\" data-la_component=\"UnitResponsive\"  data-el_target='#la_divider69dfd6733b67c'  data-el_media_sizes='{&quot;padding-top&quot;:&quot;lg:65px;&quot;}' ><\/div>\n[\/vc_column][\/vc_row][vc_row full_width=\u00bbstretch_row_content_no_spaces\u00bb][vc_column]<div id=\"la_team_69dfd6733b93d\" class=\"la-team-members\"><\/div>[\/vc_column][\/vc_row]<\/p>\n","protected":false},"excerpt":{"rendered":"<p>[vc_row][vc_column width=\u00bb5\/6&#8243; la_animation_duration=\u00bb1&#8243; la_animation_delay=\u00bb0&#8243; la_animation_iteration_count=\u00bb1&#8243; offset=\u00bbvc_col-md-offset-2 vc_col-md-8 vc_col-sm-offset-1&#8243;][\/vc_column][\/vc_row][vc_row full_width=\u00bbstretch_row_content_no_spaces\u00bb][vc_column][\/vc_column][\/vc_row]<\/p>\n","protected":false},"author":2,"featured_media":0,"parent":0,"menu_order":0,"comment_status":"closed","ping_status":"closed","template":"","meta":{"footnotes":""},"class_list":["post-556","page","type-page","status-publish","hentry"],"_links":{"self":[{"href":"https:\/\/agradeser.com.ar\/tienda\/wp-json\/wp\/v2\/pages\/556","targetHints":{"allow":["GET"]}}],"collection":[{"href":"https:\/\/agradeser.com.ar\/tienda\/wp-json\/wp\/v2\/pages"}],"about":[{"href":"https:\/\/agradeser.com.ar\/tienda\/wp-json\/wp\/v2\/types\/page"}],"author":[{"embeddable":true,"href":"https:\/\/agradeser.com.ar\/tienda\/wp-json\/wp\/v2\/users\/2"}],"replies":[{"embeddable":true,"href":"https:\/\/agradeser.com.ar\/tienda\/wp-json\/wp\/v2\/comments?post=556"}],"version-history":[{"count":19,"href":"https:\/\/agradeser.com.ar\/tienda\/wp-json\/wp\/v2\/pages\/556\/revisions"}],"predecessor-version":[{"id":4506,"href":"https:\/\/agradeser.com.ar\/tienda\/wp-json\/wp\/v2\/pages\/556\/revisions\/4506"}],"wp:attachment":[{"href":"https:\/\/agradeser.com.ar\/tienda\/wp-json\/wp\/v2\/media?parent=556"}],"curies":[{"name":"wp","href":"https:\/\/api.w.org\/{rel}","templated":true}]}}