{"id":2306,"date":"2020-10-05T16:11:48","date_gmt":"2020-10-05T19:11:48","guid":{"rendered":"https:\/\/agradeser.com.ar\/tienda\/?post_type=product&#038;p=2306"},"modified":"2026-02-24T13:43:38","modified_gmt":"2026-02-24T16:43:38","slug":"box-amor-propio","status":"publish","type":"product","link":"https:\/\/agradeser.com.ar\/tienda\/producto\/box-amor-propio\/","title":{"rendered":"Box amor propio"},"content":{"rendered":"<p>La Box Amor Propio es hermosa para regalar o regalarte.<\/p>\n<p>Contiene: Almohadilla terap\u00e9utica ocular con semillas + spray a\u00farico con cristales + vela arom\u00e1tica (ra\u00edz) + roll on armonizador + vela para masajes tibios + desodorante natural + b\u00e1lsamo de labios<\/p>\n<p>*La almohadilla terap\u00e9utica ocular puede utilizarse caliente, fr\u00eda (frezzer) o a temperatura ambiente. Viene con indicaciones para su uso y\u00a0 funda para su f\u00e1cil lavado. Contiene semillas de lino, lavanda y manzanilla.<\/p>\n<p>*El spray a\u00farico contiene cristales que ayudar\u00e1n a equilibrar tu energ\u00eda. Aroma a eucalipto y lavanda.<\/p>\n<p>*La vela arom\u00e1tica (ra\u00edz) es de cera de soja. Elaborada con esencias puras artesanalmente.<\/p>\n<p>*El roll on armonizador se coloca en nuca, si\u00e9n, mu\u00f1ecas y entrecejo. Su efecto depender\u00e1 de la variedad que elijas.<\/p>\n<p>*Vela para masajes corporales tibios: Al encenderla se genera un aceite que puede colocarse directamente en el cuerpo sin quemar. Es hidratante y no genera un efecto oleoso. Est\u00e1 elaborada con cera de soja, manteca de karit\u00e9 y esencias puras.<\/p>\n<p>*El desodorante natural es una alternativa segura y saludable. No contiene aluminio ni parabenos como los desodorantes convencionales. Esta elaborado con aceite de almendras, manteca de karit\u00e9 y esencias puras.<\/p>\n<p>*b\u00e1lsamo labial: hidratante natural de labios. Manteca de karit\u00e9, aceite de almendras, cera de abejas, y un s\u00fatil aroma.<\/p>\n<p>&nbsp;<\/p>\n","protected":false},"excerpt":{"rendered":"<p>La Box Amor Propio es hermosa para regalar o regalarte. Contiene: Almohadilla terap\u00e9utica ocular con semillas + spray a\u00farico con cristales + vela arom\u00e1tica (ra\u00edz) + roll on armonizador + vela para masajes tibios + desodorante natural + b\u00e1lsamo de labios *La almohadilla terap\u00e9utica ocular puede utilizarse caliente, fr\u00eda (frezzer) o a temperatura ambiente. Viene con indicaciones para su uso&hellip;<\/p>\n","protected":false},"featured_media":4476,"comment_status":"closed","ping_status":"closed","template":"","meta":[],"product_brand":[],"product_cat":[71],"product_tag":[],"class_list":{"0":"post-2306","1":"product","2":"type-product","3":"status-publish","4":"has-post-thumbnail","6":"product_cat-combos-box","8":"first","9":"instock","10":"sale","11":"shipping-taxable","12":"purchasable","13":"product-type-variable","14":"thumb-has-effect","15":"prod-rating-on","16":"prod-has-rating"},"_links":{"self":[{"href":"https:\/\/agradeser.com.ar\/tienda\/wp-json\/wp\/v2\/product\/2306","targetHints":{"allow":["GET"]}}],"collection":[{"href":"https:\/\/agradeser.com.ar\/tienda\/wp-json\/wp\/v2\/product"}],"about":[{"href":"https:\/\/agradeser.com.ar\/tienda\/wp-json\/wp\/v2\/types\/product"}],"replies":[{"embeddable":true,"href":"https:\/\/agradeser.com.ar\/tienda\/wp-json\/wp\/v2\/comments?post=2306"}],"wp:featuredmedia":[{"embeddable":true,"href":"https:\/\/agradeser.com.ar\/tienda\/wp-json\/wp\/v2\/media\/4476"}],"wp:attachment":[{"href":"https:\/\/agradeser.com.ar\/tienda\/wp-json\/wp\/v2\/media?parent=2306"}],"wp:term":[{"taxonomy":"product_brand","embeddable":true,"href":"https:\/\/agradeser.com.ar\/tienda\/wp-json\/wp\/v2\/product_brand?post=2306"},{"taxonomy":"product_cat","embeddable":true,"href":"https:\/\/agradeser.com.ar\/tienda\/wp-json\/wp\/v2\/product_cat?post=2306"},{"taxonomy":"product_tag","embeddable":true,"href":"https:\/\/agradeser.com.ar\/tienda\/wp-json\/wp\/v2\/product_tag?post=2306"}],"curies":[{"name":"wp","href":"https:\/\/api.w.org\/{rel}","templated":true}]}}