{"id":2498,"date":"2021-01-20T12:22:55","date_gmt":"2021-01-20T15:22:55","guid":{"rendered":"https:\/\/agradeser.com.ar\/tienda\/?post_type=product&#038;p=2498"},"modified":"2025-09-19T14:02:57","modified_gmt":"2025-09-19T17:02:57","slug":"bombones-de-esencia-solida","status":"publish","type":"product","link":"https:\/\/agradeser.com.ar\/tienda\/producto\/bombones-de-esencia-solida\/","title":{"rendered":"Bombones de esencia s\u00f3lida"},"content":{"rendered":"<p>Bomboncitos de esencia s\u00f3lida para hornillos. Est\u00e1n elaborados con cera de soja de alto punto de fusi\u00f3n. Su quemado lento hace que el aroma se sienta agradablemente en el ambiente.<\/p>\n<p>En la cajita vienen 6 bombones de cera de soja arom\u00e1ticos. Los aromas est\u00e1n combinados con hierbas naturales lo que potencia su funci\u00f3n.<\/p>\n<p>El MIX es un bomb\u00f3n de cada aroma, vienen 7 bombones.<\/p>\n<p>NO incluye hornito, ni velitas de noche. Podes conseguirlo en la secci\u00f3n accesorios.<\/p>\n<p>&nbsp;<\/p>\n","protected":false},"excerpt":{"rendered":"<p>Bomboncitos de esencia s\u00f3lida para hornillos. Est\u00e1n elaborados con cera de soja de alto punto de fusi\u00f3n. Su quemado lento hace que el aroma se sienta agradablemente en el ambiente. En la cajita vienen 6 bombones de cera de soja arom\u00e1ticos. Los aromas est\u00e1n combinados con hierbas naturales lo que potencia su funci\u00f3n. El MIX es un bomb\u00f3n de cada&hellip;<\/p>\n","protected":false},"featured_media":3374,"comment_status":"closed","ping_status":"closed","template":"","meta":[],"product_brand":[],"product_cat":[76],"product_tag":[],"class_list":{"0":"post-2498","1":"product","2":"type-product","3":"status-publish","4":"has-post-thumbnail","6":"product_cat-accesorios","8":"first","9":"instock","10":"shipping-taxable","11":"purchasable","12":"product-type-variable","13":"thumb-has-effect","14":"prod-rating-on","15":"prod-has-rating"},"_links":{"self":[{"href":"https:\/\/agradeser.com.ar\/tienda\/wp-json\/wp\/v2\/product\/2498","targetHints":{"allow":["GET"]}}],"collection":[{"href":"https:\/\/agradeser.com.ar\/tienda\/wp-json\/wp\/v2\/product"}],"about":[{"href":"https:\/\/agradeser.com.ar\/tienda\/wp-json\/wp\/v2\/types\/product"}],"replies":[{"embeddable":true,"href":"https:\/\/agradeser.com.ar\/tienda\/wp-json\/wp\/v2\/comments?post=2498"}],"wp:featuredmedia":[{"embeddable":true,"href":"https:\/\/agradeser.com.ar\/tienda\/wp-json\/wp\/v2\/media\/3374"}],"wp:attachment":[{"href":"https:\/\/agradeser.com.ar\/tienda\/wp-json\/wp\/v2\/media?parent=2498"}],"wp:term":[{"taxonomy":"product_brand","embeddable":true,"href":"https:\/\/agradeser.com.ar\/tienda\/wp-json\/wp\/v2\/product_brand?post=2498"},{"taxonomy":"product_cat","embeddable":true,"href":"https:\/\/agradeser.com.ar\/tienda\/wp-json\/wp\/v2\/product_cat?post=2498"},{"taxonomy":"product_tag","embeddable":true,"href":"https:\/\/agradeser.com.ar\/tienda\/wp-json\/wp\/v2\/product_tag?post=2498"}],"curies":[{"name":"wp","href":"https:\/\/api.w.org\/{rel}","templated":true}]}}