{"id":2779,"date":"2021-11-26T17:01:59","date_gmt":"2021-11-26T20:01:59","guid":{"rendered":"https:\/\/agradeser.com.ar\/tienda\/?post_type=product&#038;p=2779"},"modified":"2024-12-08T19:57:37","modified_gmt":"2024-12-08T22:57:37","slug":"7-dias-de-limpieza-pastillas","status":"publish","type":"product","link":"https:\/\/agradeser.com.ar\/tienda\/producto\/7-dias-de-limpieza-pastillas\/","title":{"rendered":"Bombitas pastillas 7 d\u00edas de limpieza"},"content":{"rendered":"<p>Purificar d\u00eda a d\u00eda, renovar las energ\u00edas, una pastilla de limpieza para cada d\u00eda de la semana.<\/p>\n","protected":false},"excerpt":{"rendered":"<p>Purificar d\u00eda a d\u00eda, renovar las energ\u00edas, una pastilla de limpieza para cada d\u00eda de la semana.<\/p>\n","protected":false},"featured_media":2775,"comment_status":"closed","ping_status":"closed","template":"","meta":[],"product_brand":[],"product_cat":[74],"product_tag":[],"class_list":{"0":"post-2779","1":"product","2":"type-product","3":"status-publish","4":"has-post-thumbnail","6":"product_cat-hierbas-sahumerios","8":"first","9":"instock","10":"shipping-taxable","11":"purchasable","12":"product-type-simple","13":"thumb-has-effect","14":"prod-rating-on","15":"prod-has-rating"},"_links":{"self":[{"href":"https:\/\/agradeser.com.ar\/tienda\/wp-json\/wp\/v2\/product\/2779","targetHints":{"allow":["GET"]}}],"collection":[{"href":"https:\/\/agradeser.com.ar\/tienda\/wp-json\/wp\/v2\/product"}],"about":[{"href":"https:\/\/agradeser.com.ar\/tienda\/wp-json\/wp\/v2\/types\/product"}],"replies":[{"embeddable":true,"href":"https:\/\/agradeser.com.ar\/tienda\/wp-json\/wp\/v2\/comments?post=2779"}],"wp:featuredmedia":[{"embeddable":true,"href":"https:\/\/agradeser.com.ar\/tienda\/wp-json\/wp\/v2\/media\/2775"}],"wp:attachment":[{"href":"https:\/\/agradeser.com.ar\/tienda\/wp-json\/wp\/v2\/media?parent=2779"}],"wp:term":[{"taxonomy":"product_brand","embeddable":true,"href":"https:\/\/agradeser.com.ar\/tienda\/wp-json\/wp\/v2\/product_brand?post=2779"},{"taxonomy":"product_cat","embeddable":true,"href":"https:\/\/agradeser.com.ar\/tienda\/wp-json\/wp\/v2\/product_cat?post=2779"},{"taxonomy":"product_tag","embeddable":true,"href":"https:\/\/agradeser.com.ar\/tienda\/wp-json\/wp\/v2\/product_tag?post=2779"}],"curies":[{"name":"wp","href":"https:\/\/api.w.org\/{rel}","templated":true}]}}