{"id":2970,"date":"2022-03-18T08:37:22","date_gmt":"2022-03-18T11:37:22","guid":{"rendered":"https:\/\/agradeser.com.ar\/tienda\/?post_type=product&#038;p=2970"},"modified":"2025-02-03T18:00:00","modified_gmt":"2025-02-03T21:00:00","slug":"desodorante-natural","status":"publish","type":"product","link":"https:\/\/agradeser.com.ar\/tienda\/producto\/desodorante-natural\/","title":{"rendered":"Desodorante natural"},"content":{"rendered":"<p>Elaborado con aceite de almendras, manteca de karit\u00e9 y esencias puras. Contiene bicarbonato de sodio.<\/p>\n<p>Por qu\u00e9 usar desodorante natural?<\/p>\n<ul>\n<li>No obstruye los poros.<\/li>\n<li>Esta libre de productos qu\u00edmicos.<\/li>\n<li>Respeta el equilibrio natural de la piel.<\/li>\n<li>No mancha la ropa.<\/li>\n<\/ul>\n<p>Es una alternativa totalmente natural, segura y saludable. Esto se debe a que no contiene aluminio, ni parabenos, como los desodorantes convencionales.<\/p>\n<p>&nbsp;<\/p>\n","protected":false},"excerpt":{"rendered":"<p>Elaborado con aceite de almendras, manteca de karit\u00e9 y esencias puras. Contiene bicarbonato de sodio. Por qu\u00e9 usar desodorante natural? No obstruye los poros. Esta libre de productos qu\u00edmicos. Respeta el equilibrio natural de la piel. No mancha la ropa. Es una alternativa totalmente natural, segura y saludable. Esto se debe a que no contiene aluminio, ni parabenos, como los&hellip;<\/p>\n","protected":false},"featured_media":2971,"comment_status":"closed","ping_status":"closed","template":"","meta":[],"product_brand":[],"product_cat":[75],"product_tag":[],"class_list":{"0":"post-2970","1":"product","2":"type-product","3":"status-publish","4":"has-post-thumbnail","6":"product_cat-cuidado-personal","8":"first","9":"instock","10":"shipping-taxable","11":"purchasable","12":"product-type-variable","13":"thumb-no-effect","14":"prod-rating-on","15":"prod-has-rating"},"_links":{"self":[{"href":"https:\/\/agradeser.com.ar\/tienda\/wp-json\/wp\/v2\/product\/2970","targetHints":{"allow":["GET"]}}],"collection":[{"href":"https:\/\/agradeser.com.ar\/tienda\/wp-json\/wp\/v2\/product"}],"about":[{"href":"https:\/\/agradeser.com.ar\/tienda\/wp-json\/wp\/v2\/types\/product"}],"replies":[{"embeddable":true,"href":"https:\/\/agradeser.com.ar\/tienda\/wp-json\/wp\/v2\/comments?post=2970"}],"wp:featuredmedia":[{"embeddable":true,"href":"https:\/\/agradeser.com.ar\/tienda\/wp-json\/wp\/v2\/media\/2971"}],"wp:attachment":[{"href":"https:\/\/agradeser.com.ar\/tienda\/wp-json\/wp\/v2\/media?parent=2970"}],"wp:term":[{"taxonomy":"product_brand","embeddable":true,"href":"https:\/\/agradeser.com.ar\/tienda\/wp-json\/wp\/v2\/product_brand?post=2970"},{"taxonomy":"product_cat","embeddable":true,"href":"https:\/\/agradeser.com.ar\/tienda\/wp-json\/wp\/v2\/product_cat?post=2970"},{"taxonomy":"product_tag","embeddable":true,"href":"https:\/\/agradeser.com.ar\/tienda\/wp-json\/wp\/v2\/product_tag?post=2970"}],"curies":[{"name":"wp","href":"https:\/\/api.w.org\/{rel}","templated":true}]}}