{"id":3325,"date":"2023-03-03T10:59:08","date_gmt":"2023-03-03T13:59:08","guid":{"rendered":"https:\/\/agradeser.com.ar\/tienda\/?post_type=product&#038;p=3325"},"modified":"2025-08-05T08:57:34","modified_gmt":"2025-08-05T11:57:34","slug":"esfera-de-cristal-feng-shui","status":"publish","type":"product","link":"https:\/\/agradeser.com.ar\/tienda\/producto\/esfera-de-cristal-feng-shui\/","title":{"rendered":"Esfera de cristal"},"content":{"rendered":"<p>Esferas facetadas colgantes. Atraen buena energ\u00eda y la redistribuyen de forma equilibrada, permitiendo que \u00e9sta fluya por toda tu casa. Tiene peque\u00f1os cristales de los colores de los chakras como s\u00edmbolo de equilibrio.<\/p>\n<p>Colocala cerca de una ventana para que refracte la luz del sol.<\/p>\n<p>El amuleto | s\u00edmbolo puede variar.<\/p>\n<p>&nbsp;<\/p>\n","protected":false},"excerpt":{"rendered":"<p>Esferas facetadas colgantes. Atraen buena energ\u00eda y la redistribuyen de forma equilibrada, permitiendo que \u00e9sta fluya por toda tu casa. Tiene peque\u00f1os cristales de los colores de los chakras como s\u00edmbolo de equilibrio. Colocala cerca de una ventana para que refracte la luz del sol. El amuleto | s\u00edmbolo puede variar. &nbsp;<\/p>\n","protected":false},"featured_media":3327,"comment_status":"closed","ping_status":"closed","template":"","meta":[],"product_brand":[],"product_cat":[76],"product_tag":[],"class_list":{"0":"post-3325","1":"product","2":"type-product","3":"status-publish","4":"has-post-thumbnail","6":"product_cat-accesorios","8":"first","9":"instock","10":"shipping-taxable","11":"purchasable","12":"product-type-simple","13":"thumb-no-effect","14":"prod-rating-on","15":"prod-has-rating"},"_links":{"self":[{"href":"https:\/\/agradeser.com.ar\/tienda\/wp-json\/wp\/v2\/product\/3325","targetHints":{"allow":["GET"]}}],"collection":[{"href":"https:\/\/agradeser.com.ar\/tienda\/wp-json\/wp\/v2\/product"}],"about":[{"href":"https:\/\/agradeser.com.ar\/tienda\/wp-json\/wp\/v2\/types\/product"}],"replies":[{"embeddable":true,"href":"https:\/\/agradeser.com.ar\/tienda\/wp-json\/wp\/v2\/comments?post=3325"}],"wp:featuredmedia":[{"embeddable":true,"href":"https:\/\/agradeser.com.ar\/tienda\/wp-json\/wp\/v2\/media\/3327"}],"wp:attachment":[{"href":"https:\/\/agradeser.com.ar\/tienda\/wp-json\/wp\/v2\/media?parent=3325"}],"wp:term":[{"taxonomy":"product_brand","embeddable":true,"href":"https:\/\/agradeser.com.ar\/tienda\/wp-json\/wp\/v2\/product_brand?post=3325"},{"taxonomy":"product_cat","embeddable":true,"href":"https:\/\/agradeser.com.ar\/tienda\/wp-json\/wp\/v2\/product_cat?post=3325"},{"taxonomy":"product_tag","embeddable":true,"href":"https:\/\/agradeser.com.ar\/tienda\/wp-json\/wp\/v2\/product_tag?post=3325"}],"curies":[{"name":"wp","href":"https:\/\/api.w.org\/{rel}","templated":true}]}}