{"id":4542,"date":"2025-07-09T11:52:20","date_gmt":"2025-07-09T14:52:20","guid":{"rendered":"https:\/\/agradeser.com.ar\/tienda\/?post_type=product&#038;p=4542"},"modified":"2025-12-17T11:26:45","modified_gmt":"2025-12-17T14:26:45","slug":"vela-dona-florinda","status":"publish","type":"product","link":"https:\/\/agradeser.com.ar\/tienda\/producto\/vela-dona-florinda\/","title":{"rendered":"Vela Do\u00f1a Florinda"},"content":{"rendered":"<p>Vela decorativa de cera de soja de alto punto de fusi\u00f3n. No es arom\u00e1tica.<\/p>\n","protected":false},"excerpt":{"rendered":"<p>Vela decorativa de cera de soja de alto punto de fusi\u00f3n. No es arom\u00e1tica.<\/p>\n","protected":false},"featured_media":4550,"comment_status":"closed","ping_status":"closed","template":"","meta":[],"product_brand":[],"product_cat":[70],"product_tag":[],"class_list":{"0":"post-4542","1":"product","2":"type-product","3":"status-publish","4":"has-post-thumbnail","6":"product_cat-velas","8":"first","9":"instock","10":"shipping-taxable","11":"purchasable","12":"product-type-simple","13":"thumb-has-effect","14":"prod-rating-on","15":"prod-has-rating"},"_links":{"self":[{"href":"https:\/\/agradeser.com.ar\/tienda\/wp-json\/wp\/v2\/product\/4542","targetHints":{"allow":["GET"]}}],"collection":[{"href":"https:\/\/agradeser.com.ar\/tienda\/wp-json\/wp\/v2\/product"}],"about":[{"href":"https:\/\/agradeser.com.ar\/tienda\/wp-json\/wp\/v2\/types\/product"}],"replies":[{"embeddable":true,"href":"https:\/\/agradeser.com.ar\/tienda\/wp-json\/wp\/v2\/comments?post=4542"}],"wp:featuredmedia":[{"embeddable":true,"href":"https:\/\/agradeser.com.ar\/tienda\/wp-json\/wp\/v2\/media\/4550"}],"wp:attachment":[{"href":"https:\/\/agradeser.com.ar\/tienda\/wp-json\/wp\/v2\/media?parent=4542"}],"wp:term":[{"taxonomy":"product_brand","embeddable":true,"href":"https:\/\/agradeser.com.ar\/tienda\/wp-json\/wp\/v2\/product_brand?post=4542"},{"taxonomy":"product_cat","embeddable":true,"href":"https:\/\/agradeser.com.ar\/tienda\/wp-json\/wp\/v2\/product_cat?post=4542"},{"taxonomy":"product_tag","embeddable":true,"href":"https:\/\/agradeser.com.ar\/tienda\/wp-json\/wp\/v2\/product_tag?post=4542"}],"curies":[{"name":"wp","href":"https:\/\/api.w.org\/{rel}","templated":true}]}}