{"id":4597,"date":"2025-08-07T10:39:19","date_gmt":"2025-08-07T13:39:19","guid":{"rendered":"https:\/\/agradeser.com.ar\/tienda\/?post_type=product&#038;p=4597"},"modified":"2025-09-19T11:46:42","modified_gmt":"2025-09-19T14:46:42","slug":"envase-difusor-reloj-de-arena","status":"publish","type":"product","link":"https:\/\/agradeser.com.ar\/tienda\/producto\/envase-difusor-reloj-de-arena\/","title":{"rendered":"Envase Difusor reloj de arena"},"content":{"rendered":"<p>Envase de difusor.<\/p>\n<p>Viene con la tapa difusora de madera. No incluye l\u00edquido ni varillas.<\/p>\n<p>Podes ir a la secci\u00f3n \u00abdifusor ambiental\u00bb y agregar al carrito el refill difusor de 500ml. O tambi\u00e9n la opci\u00f3n mas peque\u00f1a.<\/p>\n","protected":false},"excerpt":{"rendered":"<p>Envase de difusor. Viene con la tapa difusora de madera. No incluye l\u00edquido ni varillas. Podes ir a la secci\u00f3n \u00abdifusor ambiental\u00bb y agregar al carrito el refill difusor de 500ml. O tambi\u00e9n la opci\u00f3n mas peque\u00f1a.<\/p>\n","protected":false},"featured_media":4607,"comment_status":"closed","ping_status":"closed","template":"","meta":[],"product_brand":[],"product_cat":[73],"product_tag":[],"class_list":{"0":"post-4597","1":"product","2":"type-product","3":"status-publish","4":"has-post-thumbnail","6":"product_cat-difusor-ambiental","8":"first","9":"instock","10":"shipping-taxable","11":"purchasable","12":"product-type-simple","13":"thumb-no-effect","14":"prod-rating-on","15":"prod-has-rating"},"_links":{"self":[{"href":"https:\/\/agradeser.com.ar\/tienda\/wp-json\/wp\/v2\/product\/4597","targetHints":{"allow":["GET"]}}],"collection":[{"href":"https:\/\/agradeser.com.ar\/tienda\/wp-json\/wp\/v2\/product"}],"about":[{"href":"https:\/\/agradeser.com.ar\/tienda\/wp-json\/wp\/v2\/types\/product"}],"replies":[{"embeddable":true,"href":"https:\/\/agradeser.com.ar\/tienda\/wp-json\/wp\/v2\/comments?post=4597"}],"wp:featuredmedia":[{"embeddable":true,"href":"https:\/\/agradeser.com.ar\/tienda\/wp-json\/wp\/v2\/media\/4607"}],"wp:attachment":[{"href":"https:\/\/agradeser.com.ar\/tienda\/wp-json\/wp\/v2\/media?parent=4597"}],"wp:term":[{"taxonomy":"product_brand","embeddable":true,"href":"https:\/\/agradeser.com.ar\/tienda\/wp-json\/wp\/v2\/product_brand?post=4597"},{"taxonomy":"product_cat","embeddable":true,"href":"https:\/\/agradeser.com.ar\/tienda\/wp-json\/wp\/v2\/product_cat?post=4597"},{"taxonomy":"product_tag","embeddable":true,"href":"https:\/\/agradeser.com.ar\/tienda\/wp-json\/wp\/v2\/product_tag?post=4597"}],"curies":[{"name":"wp","href":"https:\/\/api.w.org\/{rel}","templated":true}]}}