{"id":4643,"date":"2026-04-08T11:43:39","date_gmt":"2026-04-08T14:43:39","guid":{"rendered":"https:\/\/agradeser.com.ar\/tienda\/?post_type=product&#038;p=4643"},"modified":"2026-04-08T11:43:39","modified_gmt":"2026-04-08T14:43:39","slug":"box-antiestres","status":"publish","type":"product","link":"https:\/\/agradeser.com.ar\/tienda\/producto\/box-antiestres\/","title":{"rendered":"Box antiestr\u00e9s"},"content":{"rendered":"<p>Esta box fue creada para generar un momento de conexi\u00f3n, calma, y luz. La box antiestr\u00e9s es ideal para regalar proponiendo una experiencia integral.<\/p>\n<p>Contiene: roll on armonizador, agua de cristal (spray \u00e1urico), almohadilla ocular con semillas, sahumerios, vela arom\u00e1tica (modelo moon) y libreta de intenciones.<\/p>\n<p>Podes elegirla con los aromas que mas te gusten!<\/p>\n","protected":false},"excerpt":{"rendered":"<p>Esta box fue creada para generar un momento de conexi\u00f3n, calma, y luz. La box antiestr\u00e9s es ideal para regalar proponiendo una experiencia integral. Contiene: roll on armonizador, agua de cristal (spray \u00e1urico), almohadilla ocular con semillas, sahumerios, vela arom\u00e1tica (modelo moon) y libreta de intenciones. Podes elegirla con los aromas que mas te gusten!<\/p>\n","protected":false},"featured_media":4644,"comment_status":"closed","ping_status":"closed","template":"","meta":[],"product_brand":[],"product_cat":[71],"product_tag":[],"class_list":{"0":"post-4643","1":"product","2":"type-product","3":"status-publish","4":"has-post-thumbnail","6":"product_cat-combos-box","8":"first","9":"instock","10":"shipping-taxable","11":"purchasable","12":"product-type-variable","13":"thumb-no-effect","14":"prod-rating-on","15":"prod-has-rating"},"_links":{"self":[{"href":"https:\/\/agradeser.com.ar\/tienda\/wp-json\/wp\/v2\/product\/4643","targetHints":{"allow":["GET"]}}],"collection":[{"href":"https:\/\/agradeser.com.ar\/tienda\/wp-json\/wp\/v2\/product"}],"about":[{"href":"https:\/\/agradeser.com.ar\/tienda\/wp-json\/wp\/v2\/types\/product"}],"replies":[{"embeddable":true,"href":"https:\/\/agradeser.com.ar\/tienda\/wp-json\/wp\/v2\/comments?post=4643"}],"wp:featuredmedia":[{"embeddable":true,"href":"https:\/\/agradeser.com.ar\/tienda\/wp-json\/wp\/v2\/media\/4644"}],"wp:attachment":[{"href":"https:\/\/agradeser.com.ar\/tienda\/wp-json\/wp\/v2\/media?parent=4643"}],"wp:term":[{"taxonomy":"product_brand","embeddable":true,"href":"https:\/\/agradeser.com.ar\/tienda\/wp-json\/wp\/v2\/product_brand?post=4643"},{"taxonomy":"product_cat","embeddable":true,"href":"https:\/\/agradeser.com.ar\/tienda\/wp-json\/wp\/v2\/product_cat?post=4643"},{"taxonomy":"product_tag","embeddable":true,"href":"https:\/\/agradeser.com.ar\/tienda\/wp-json\/wp\/v2\/product_tag?post=4643"}],"curies":[{"name":"wp","href":"https:\/\/api.w.org\/{rel}","templated":true}]}}